{"id":191,"date":"2018-07-20T08:34:33","date_gmt":"2018-07-20T08:34:33","guid":{"rendered":"http:\/\/192.168.1.3\/wp\/kordex\/?page_id=191"},"modified":"2021-08-30T16:57:49","modified_gmt":"2021-08-30T14:57:49","slug":"portfolio-items","status":"publish","type":"page","link":"https:\/\/www.olivierphoto.fr\/fr\/portfolio-items\/","title":{"rendered":"Portfolios"},"content":{"rendered":"\t\t<div data-elementor-type=\"wp-post\" data-elementor-id=\"191\" class=\"elementor elementor-191\">\n\t\t\t\t\t\t<section class=\"elementor-section elementor-top-section elementor-element elementor-element-ddec4e3 elementor-section-full_width elementor-section-height-default elementor-section-height-default\" data-id=\"ddec4e3\" data-element_type=\"section\" data-e-type=\"section\" data-settings=\"{&quot;background_background&quot;:&quot;classic&quot;}\">\n\t\t\t\t\t\t<div class=\"elementor-container elementor-column-gap-no\">\n\t\t\t\t\t<div class=\"elementor-column elementor-col-100 elementor-top-column elementor-element elementor-element-27563ba\" data-id=\"27563ba\" data-element_type=\"column\" data-e-type=\"column\">\n\t\t\t<div class=\"elementor-widget-wrap elementor-element-populated\">\n\t\t\t\t\t\t<div class=\"elementor-element elementor-element-bc5d808 section-align-center elementor-widget elementor-widget-portfolio-grid\" data-id=\"bc5d808\" data-element_type=\"widget\" data-e-type=\"widget\" data-widget_type=\"portfolio-grid.default\">\n\t\t\t\t<div class=\"elementor-widget-container\">\n\t\t\t\t\t<div class=\"portfolio-grid-container lightgallery-container portfolio-gridblock-columns-wrap\"><div id=\"gridblock-container\" class=\"portfolio-gutter-spaced    boxtitle-active has-effect-zoom grid-style-wall-spaced gridblock-three clearfix\" data-columns=\"3\"><div class=\"gridblock-element grid-animate-display-all isotope-displayed gridblock-element-id-3965 gridblock-element-order-1  gridblock-filterable \" data-portfolio=\"portfolio-3965\" data-id=\"id-2\"><div class=\"gridblock-grid-element gridblock-element-inner\" data-portfolioid=\"3965\"><div class=\"gridblock-background-hover\"><a  class=\"gridblock-sole-link\" href=\"https:\/\/www.olivierphoto.fr\/fr\/portfolios\/cours-esf\/\"><div class=\"gridblock-links-wrap box-title-box-directlink\"><\/div><div class=\"boxtitle-hover\"><div class=\"work-details\"><h4>Cours Ecole de ski<\/h4><p class=\"entry-content work-description\"><\/p><\/div><\/div><\/a><\/div><img decoding=\"async\" src=\"https:\/\/www.olivierphoto.fr\/wp-content\/themes\/blacksilver\/images\/placeholders\/placeholder-770x770.gif\" data-src=\"https:\/\/www.olivierphoto.fr\/wp-content\/uploads\/2022\/03\/HTbakjwLIqSSImZ6dHc6EVZ-6y4k4-bAJmZV7axhdCUeJxFPc-770x770.jpeg\" alt=\"\" class=\"displayed-image lazyload\"\/><\/div><\/div><div class=\"gridblock-element grid-animate-display-all isotope-displayed gridblock-element-id-3170 gridblock-element-order-2  gridblock-filterable \" data-portfolio=\"portfolio-3170\" data-id=\"id-3\"><div class=\"gridblock-grid-element gridblock-element-inner\" data-portfolioid=\"3170\"><div class=\"gridblock-background-hover\"><a  class=\"gridblock-sole-link\" href=\"https:\/\/www.olivierphoto.fr\/fr\/portfolios\/immobilier\/\"><div class=\"gridblock-links-wrap box-title-box-directlink\"><\/div><div class=\"boxtitle-hover\"><div class=\"work-details\"><h4>Immobilier \/ Int\u00e9rieur<\/h4><p class=\"entry-content work-description\"><\/p><\/div><\/div><\/a><\/div><img decoding=\"async\" src=\"https:\/\/www.olivierphoto.fr\/wp-content\/themes\/blacksilver\/images\/placeholders\/placeholder-770x770.gif\" data-src=\"https:\/\/www.olivierphoto.fr\/wp-content\/uploads\/2021\/03\/\u00a9OlivierPhoto-immobilier-1-770x770.jpg\" alt=\"\" class=\"displayed-image lazyload\"\/><\/div><\/div><div class=\"gridblock-element grid-animate-display-all isotope-displayed gridblock-element-id-4005 gridblock-element-order-3  gridblock-filterable \" data-portfolio=\"portfolio-4005\" data-id=\"id-4\"><div class=\"gridblock-grid-element gridblock-element-inner\" data-portfolioid=\"4005\"><div class=\"gridblock-background-hover\"><a  class=\"gridblock-sole-link\" href=\"https:\/\/www.olivierphoto.fr\/fr\/portfolios\/horspiste\/\"><div class=\"gridblock-links-wrap box-title-box-directlink\"><\/div><div class=\"boxtitle-hover\"><div class=\"work-details\"><h4>Hors piste<\/h4><p class=\"entry-content work-description\"><\/p><\/div><\/div><\/a><\/div><img decoding=\"async\" src=\"https:\/\/www.olivierphoto.fr\/wp-content\/themes\/blacksilver\/images\/placeholders\/placeholder-770x770.gif\" data-src=\"https:\/\/www.olivierphoto.fr\/wp-content\/uploads\/2021\/08\/\u00a9OlivierPhoto-sport-ski-10-770x770.jpg\" alt=\"\" class=\"displayed-image lazyload\"\/><\/div><\/div><div class=\"gridblock-element grid-animate-display-all isotope-displayed gridblock-element-id-4021 gridblock-element-order-4  gridblock-filterable \" data-portfolio=\"portfolio-4021\" data-id=\"id-5\"><div class=\"gridblock-grid-element gridblock-element-inner\" data-portfolioid=\"4021\"><div class=\"gridblock-background-hover\"><a  class=\"gridblock-sole-link\" href=\"https:\/\/www.olivierphoto.fr\/fr\/portfolios\/ski-reportage\/\"><div class=\"gridblock-links-wrap box-title-box-directlink\"><\/div><div class=\"boxtitle-hover\"><div class=\"work-details\"><h4>Reportage ski<\/h4><p class=\"entry-content work-description\"><\/p><\/div><\/div><\/a><\/div><img decoding=\"async\" src=\"https:\/\/www.olivierphoto.fr\/wp-content\/themes\/blacksilver\/images\/placeholders\/placeholder-770x770.gif\" data-src=\"https:\/\/www.olivierphoto.fr\/wp-content\/uploads\/2021\/08\/\u00a9OlivierPhoto-skireportage-1-770x770.jpg\" alt=\"\" class=\"displayed-image lazyload\"\/><\/div><\/div><div class=\"gridblock-element grid-animate-display-all isotope-displayed gridblock-element-id-2869 gridblock-element-order-5  gridblock-filterable \" data-portfolio=\"portfolio-2869\" data-id=\"id-6\"><div class=\"gridblock-grid-element gridblock-element-inner\" data-portfolioid=\"2869\"><div class=\"gridblock-background-hover\"><a  class=\"gridblock-sole-link\" href=\"https:\/\/www.olivierphoto.fr\/fr\/portfolios\/portrait\/\"><div class=\"gridblock-links-wrap box-title-box-directlink\"><\/div><div class=\"boxtitle-hover\"><div class=\"work-details\"><h4>Portrait<\/h4><p class=\"entry-content work-description\"><\/p><\/div><\/div><\/a><\/div><img decoding=\"async\" src=\"https:\/\/www.olivierphoto.fr\/wp-content\/themes\/blacksilver\/images\/placeholders\/placeholder-770x770.gif\" data-src=\"https:\/\/www.olivierphoto.fr\/wp-content\/uploads\/2021\/08\/\u00a9OlivierPhoto-portrait-2-770x770.jpg\" alt=\"\" class=\"displayed-image lazyload\"\/><\/div><\/div><div class=\"gridblock-element grid-animate-display-all isotope-displayed gridblock-element-id-4061 gridblock-element-order-6  gridblock-filterable \" data-portfolio=\"portfolio-4061\" data-id=\"id-7\"><div class=\"gridblock-grid-element gridblock-element-inner\" data-portfolioid=\"4061\"><div class=\"gridblock-background-hover\"><a  class=\"gridblock-sole-link\" href=\"https:\/\/www.olivierphoto.fr\/fr\/portfolios\/publicite\/\"><div class=\"gridblock-links-wrap box-title-box-directlink\"><\/div><div class=\"boxtitle-hover\"><div class=\"work-details\"><h4>Publicit\u00e9<\/h4><p class=\"entry-content work-description\"><\/p><\/div><\/div><\/a><\/div><img decoding=\"async\" src=\"https:\/\/www.olivierphoto.fr\/wp-content\/themes\/blacksilver\/images\/placeholders\/placeholder-770x770.gif\" data-src=\"https:\/\/www.olivierphoto.fr\/wp-content\/uploads\/2021\/08\/OPC_2891-770x770.jpg\" alt=\"\" class=\"displayed-image lazyload\"\/><\/div><\/div><div class=\"gridblock-element grid-animate-display-all isotope-displayed gridblock-element-id-2892 gridblock-element-order-7  gridblock-filterable \" data-portfolio=\"portfolio-2892\" data-id=\"id-8\"><div class=\"gridblock-grid-element gridblock-element-inner\" data-portfolioid=\"2892\"><div class=\"gridblock-background-hover\"><a  class=\"gridblock-sole-link\" href=\"https:\/\/www.olivierphoto.fr\/fr\/portfolios\/paysage\/\"><div class=\"gridblock-links-wrap box-title-box-directlink\"><\/div><div class=\"boxtitle-hover\"><div class=\"work-details\"><h4>Paysage<\/h4><p class=\"entry-content work-description\"><\/p><\/div><\/div><\/a><\/div><img decoding=\"async\" src=\"https:\/\/www.olivierphoto.fr\/wp-content\/themes\/blacksilver\/images\/placeholders\/placeholder-770x770.gif\" data-src=\"https:\/\/www.olivierphoto.fr\/wp-content\/uploads\/2021\/08\/\u00a9OlivierPhoto-paysages-4-770x770.jpg\" alt=\"\" class=\"displayed-image lazyload\"\/><\/div><\/div><div class=\"gridblock-element grid-animate-display-all isotope-displayed gridblock-element-id-3179 gridblock-element-order-8  gridblock-filterable \" data-portfolio=\"portfolio-3179\" data-id=\"id-9\"><div class=\"gridblock-grid-element gridblock-element-inner\" data-portfolioid=\"3179\"><div class=\"gridblock-background-hover\"><a  class=\"gridblock-sole-link\" href=\"https:\/\/www.olivierphoto.fr\/fr\/portfolios\/evenement\/\"><div class=\"gridblock-links-wrap box-title-box-directlink\"><\/div><div class=\"boxtitle-hover\"><div class=\"work-details\"><h4>\u00c9v\u00e8nement<\/h4><p class=\"entry-content work-description\"><\/p><\/div><\/div><\/a><\/div><img decoding=\"async\" src=\"https:\/\/www.olivierphoto.fr\/wp-content\/themes\/blacksilver\/images\/placeholders\/placeholder-770x770.gif\" data-src=\"https:\/\/www.olivierphoto.fr\/wp-content\/uploads\/2021\/08\/\u00a9OlivierPhoto-evenements-sport-10-770x770.jpg\" alt=\"\" class=\"displayed-image lazyload\"\/><\/div><\/div><div class=\"gridblock-element grid-animate-display-all isotope-displayed gridblock-element-id-3923 gridblock-element-order-9  gridblock-filterable \" data-portfolio=\"portfolio-3923\" data-id=\"id-10\"><div class=\"gridblock-grid-element gridblock-element-inner\" data-portfolioid=\"3923\"><div class=\"gridblock-background-hover\"><a  class=\"gridblock-sole-link\" href=\"https:\/\/www.olivierphoto.fr\/fr\/portfolios\/mariage\/\"><div class=\"gridblock-links-wrap box-title-box-directlink\"><\/div><div class=\"boxtitle-hover\"><div class=\"work-details\"><h4>Mariage<\/h4><p class=\"entry-content work-description\"><\/p><\/div><\/div><\/a><\/div><img decoding=\"async\" src=\"https:\/\/www.olivierphoto.fr\/wp-content\/themes\/blacksilver\/images\/placeholders\/placeholder-770x770.gif\" data-src=\"https:\/\/www.olivierphoto.fr\/wp-content\/uploads\/2021\/08\/\u00a9OlivierPhoto-mariage-6-1-770x770.jpg\" alt=\"\" class=\"displayed-image lazyload\"\/><\/div><\/div><div class=\"gridblock-element grid-animate-display-all isotope-displayed gridblock-element-id-2867 gridblock-element-order-10  gridblock-filterable \" data-portfolio=\"portfolio-2867\" data-id=\"id-11\"><div class=\"gridblock-grid-element gridblock-element-inner\" data-portfolioid=\"2867\"><div class=\"gridblock-background-hover\"><a  class=\"gridblock-sole-link\" href=\"https:\/\/www.olivierphoto.fr\/fr\/portfolios\/drone\/\"><div class=\"gridblock-links-wrap box-title-box-directlink\"><\/div><div class=\"boxtitle-hover\"><div class=\"work-details\"><h4>Drone<\/h4><p class=\"entry-content work-description\"><\/p><\/div><\/div><\/a><\/div><img decoding=\"async\" src=\"https:\/\/www.olivierphoto.fr\/wp-content\/themes\/blacksilver\/images\/placeholders\/placeholder-770x770.gif\" data-src=\"https:\/\/www.olivierphoto.fr\/wp-content\/uploads\/2021\/08\/\u00a9OlivierPhoto-drone-9-770x770.jpg\" alt=\"\" class=\"displayed-image lazyload\"\/><\/div><\/div><\/div><\/div>\t\t\t\t<\/div>\n\t\t\t\t<\/div>\n\t\t\t\t\t<\/div>\n\t\t<\/div>\n\t\t\t\t\t<\/div>\n\t\t<\/section>\n\t\t\t\t<\/div>\n\t\t","protected":false},"excerpt":{"rendered":"<p>Cours Ecole de ski Immobilier \/ Int\u00e9rieur Hors piste Reportage ski Portrait Publicit\u00e9 Paysage \u00c9v\u00e8nement Mariage Drone<\/p>\n","protected":false},"author":2,"featured_media":0,"parent":0,"menu_order":0,"comment_status":"closed","ping_status":"closed","template":"","meta":{"footnotes":""},"class_list":["post-191","page","type-page","status-publish","hentry"],"yoast_head":"<!-- This site is optimized with the Yoast SEO plugin v27.4 - https:\/\/yoast.com\/product\/yoast-seo-wordpress\/ -->\n<title>Portfolios - Olivier Photo<\/title>\n<meta name=\"description\" content=\"Cr\u00e9atifs et passionn\u00e9s, nous vous proposons un regard singulier sur vos projets. Notre solide exp\u00e9rience nous permet de r\u00e9pondre \u00e0 toutes vos demandes.\" \/>\n<meta name=\"robots\" content=\"index, follow, max-snippet:-1, max-image-preview:large, max-video-preview:-1\" \/>\n<link rel=\"canonical\" href=\"https:\/\/www.olivierphoto.fr\/fr\/portfolio-items\/\" \/>\n<meta property=\"og:locale\" content=\"fr_FR\" \/>\n<meta property=\"og:type\" content=\"article\" \/>\n<meta property=\"og:title\" content=\"Portfolios - Olivier Photo\" \/>\n<meta property=\"og:description\" content=\"Cr\u00e9atifs et passionn\u00e9s, nous vous proposons un regard singulier sur vos projets. Notre solide exp\u00e9rience nous permet de r\u00e9pondre \u00e0 toutes vos demandes.\" \/>\n<meta property=\"og:url\" content=\"https:\/\/www.olivierphoto.fr\/fr\/portfolio-items\/\" \/>\n<meta property=\"og:site_name\" content=\"Olivier Photo\" \/>\n<meta property=\"article:publisher\" content=\"https:\/\/www.facebook.com\/olivierphotocourchevel\" \/>\n<meta property=\"article:modified_time\" content=\"2021-08-30T14:57:49+00:00\" \/>\n<meta property=\"og:image\" content=\"https:\/\/www.olivierphoto.fr\/wp-content\/themes\/blacksilver\/images\/placeholders\/placeholder-770x770.gif\" \/>\n<meta name=\"twitter:card\" content=\"summary_large_image\" \/>\n<meta name=\"twitter:label1\" content=\"Dur\u00e9e de lecture estim\u00e9e\" \/>\n\t<meta name=\"twitter:data1\" content=\"3 minutes\" \/>\n<script type=\"application\/ld+json\" class=\"yoast-schema-graph\">{\"@context\":\"https:\\\/\\\/schema.org\",\"@graph\":[{\"@type\":\"WebPage\",\"@id\":\"https:\\\/\\\/www.olivierphoto.fr\\\/fr\\\/portfolio-items\\\/\",\"url\":\"https:\\\/\\\/www.olivierphoto.fr\\\/fr\\\/portfolio-items\\\/\",\"name\":\"Portfolios - Olivier Photo\",\"isPartOf\":{\"@id\":\"https:\\\/\\\/www.olivierphoto.fr\\\/fr\\\/#website\"},\"primaryImageOfPage\":{\"@id\":\"https:\\\/\\\/www.olivierphoto.fr\\\/fr\\\/portfolio-items\\\/#primaryimage\"},\"image\":{\"@id\":\"https:\\\/\\\/www.olivierphoto.fr\\\/fr\\\/portfolio-items\\\/#primaryimage\"},\"thumbnailUrl\":\"https:\\\/\\\/www.olivierphoto.fr\\\/wp-content\\\/themes\\\/blacksilver\\\/images\\\/placeholders\\\/placeholder-770x770.gif\",\"datePublished\":\"2018-07-20T08:34:33+00:00\",\"dateModified\":\"2021-08-30T14:57:49+00:00\",\"description\":\"Cr\u00e9atifs et passionn\u00e9s, nous vous proposons un regard singulier sur vos projets. Notre solide exp\u00e9rience nous permet de r\u00e9pondre \u00e0 toutes vos demandes.\",\"breadcrumb\":{\"@id\":\"https:\\\/\\\/www.olivierphoto.fr\\\/fr\\\/portfolio-items\\\/#breadcrumb\"},\"inLanguage\":\"fr-FR\",\"potentialAction\":[{\"@type\":\"ReadAction\",\"target\":[\"https:\\\/\\\/www.olivierphoto.fr\\\/fr\\\/portfolio-items\\\/\"]}]},{\"@type\":\"ImageObject\",\"inLanguage\":\"fr-FR\",\"@id\":\"https:\\\/\\\/www.olivierphoto.fr\\\/fr\\\/portfolio-items\\\/#primaryimage\",\"url\":\"https:\\\/\\\/www.olivierphoto.fr\\\/wp-content\\\/themes\\\/blacksilver\\\/images\\\/placeholders\\\/placeholder-770x770.gif\",\"contentUrl\":\"https:\\\/\\\/www.olivierphoto.fr\\\/wp-content\\\/themes\\\/blacksilver\\\/images\\\/placeholders\\\/placeholder-770x770.gif\"},{\"@type\":\"BreadcrumbList\",\"@id\":\"https:\\\/\\\/www.olivierphoto.fr\\\/fr\\\/portfolio-items\\\/#breadcrumb\",\"itemListElement\":[{\"@type\":\"ListItem\",\"position\":1,\"name\":\"Accueil\",\"item\":\"https:\\\/\\\/www.olivierphoto.fr\\\/fr\\\/\"},{\"@type\":\"ListItem\",\"position\":2,\"name\":\"Portfolios\"}]},{\"@type\":\"WebSite\",\"@id\":\"https:\\\/\\\/www.olivierphoto.fr\\\/fr\\\/#website\",\"url\":\"https:\\\/\\\/www.olivierphoto.fr\\\/fr\\\/\",\"name\":\"Olivier photo | Photographe \u00e0 Courchevel\",\"description\":\"Photographe \u00e0 Courchevel\",\"publisher\":{\"@id\":\"https:\\\/\\\/www.olivierphoto.fr\\\/fr\\\/#organization\"},\"potentialAction\":[{\"@type\":\"SearchAction\",\"target\":{\"@type\":\"EntryPoint\",\"urlTemplate\":\"https:\\\/\\\/www.olivierphoto.fr\\\/fr\\\/?s={search_term_string}\"},\"query-input\":{\"@type\":\"PropertyValueSpecification\",\"valueRequired\":true,\"valueName\":\"search_term_string\"}}],\"inLanguage\":\"fr-FR\"},{\"@type\":\"Organization\",\"@id\":\"https:\\\/\\\/www.olivierphoto.fr\\\/fr\\\/#organization\",\"name\":\"Olivier Photo\",\"url\":\"https:\\\/\\\/www.olivierphoto.fr\\\/fr\\\/\",\"logo\":{\"@type\":\"ImageObject\",\"inLanguage\":\"fr-FR\",\"@id\":\"https:\\\/\\\/www.olivierphoto.fr\\\/fr\\\/#\\\/schema\\\/logo\\\/image\\\/\",\"url\":\"https:\\\/\\\/www.olivierphoto.fr\\\/wp-content\\\/uploads\\\/2021\\\/02\\\/cropped-icone.jpg\",\"contentUrl\":\"https:\\\/\\\/www.olivierphoto.fr\\\/wp-content\\\/uploads\\\/2021\\\/02\\\/cropped-icone.jpg\",\"width\":512,\"height\":512,\"caption\":\"Olivier Photo\"},\"image\":{\"@id\":\"https:\\\/\\\/www.olivierphoto.fr\\\/fr\\\/#\\\/schema\\\/logo\\\/image\\\/\"},\"sameAs\":[\"https:\\\/\\\/www.facebook.com\\\/olivierphotocourchevel\",\"https:\\\/\\\/www.instagram.com\\\/olivierphotocourchevel\\\/\"]}]}<\/script>\n<!-- \/ Yoast SEO plugin. -->","yoast_head_json":{"title":"Portfolios - Olivier Photo","description":"Cr\u00e9atifs et passionn\u00e9s, nous vous proposons un regard singulier sur vos projets. Notre solide exp\u00e9rience nous permet de r\u00e9pondre \u00e0 toutes vos demandes.","robots":{"index":"index","follow":"follow","max-snippet":"max-snippet:-1","max-image-preview":"max-image-preview:large","max-video-preview":"max-video-preview:-1"},"canonical":"https:\/\/www.olivierphoto.fr\/fr\/portfolio-items\/","og_locale":"fr_FR","og_type":"article","og_title":"Portfolios - Olivier Photo","og_description":"Cr\u00e9atifs et passionn\u00e9s, nous vous proposons un regard singulier sur vos projets. Notre solide exp\u00e9rience nous permet de r\u00e9pondre \u00e0 toutes vos demandes.","og_url":"https:\/\/www.olivierphoto.fr\/fr\/portfolio-items\/","og_site_name":"Olivier Photo","article_publisher":"https:\/\/www.facebook.com\/olivierphotocourchevel","article_modified_time":"2021-08-30T14:57:49+00:00","og_image":[{"url":"https:\/\/www.olivierphoto.fr\/wp-content\/themes\/blacksilver\/images\/placeholders\/placeholder-770x770.gif","type":"","width":"","height":""}],"twitter_card":"summary_large_image","twitter_misc":{"Dur\u00e9e de lecture estim\u00e9e":"3 minutes"},"schema":{"@context":"https:\/\/schema.org","@graph":[{"@type":"WebPage","@id":"https:\/\/www.olivierphoto.fr\/fr\/portfolio-items\/","url":"https:\/\/www.olivierphoto.fr\/fr\/portfolio-items\/","name":"Portfolios - Olivier Photo","isPartOf":{"@id":"https:\/\/www.olivierphoto.fr\/fr\/#website"},"primaryImageOfPage":{"@id":"https:\/\/www.olivierphoto.fr\/fr\/portfolio-items\/#primaryimage"},"image":{"@id":"https:\/\/www.olivierphoto.fr\/fr\/portfolio-items\/#primaryimage"},"thumbnailUrl":"https:\/\/www.olivierphoto.fr\/wp-content\/themes\/blacksilver\/images\/placeholders\/placeholder-770x770.gif","datePublished":"2018-07-20T08:34:33+00:00","dateModified":"2021-08-30T14:57:49+00:00","description":"Cr\u00e9atifs et passionn\u00e9s, nous vous proposons un regard singulier sur vos projets. Notre solide exp\u00e9rience nous permet de r\u00e9pondre \u00e0 toutes vos demandes.","breadcrumb":{"@id":"https:\/\/www.olivierphoto.fr\/fr\/portfolio-items\/#breadcrumb"},"inLanguage":"fr-FR","potentialAction":[{"@type":"ReadAction","target":["https:\/\/www.olivierphoto.fr\/fr\/portfolio-items\/"]}]},{"@type":"ImageObject","inLanguage":"fr-FR","@id":"https:\/\/www.olivierphoto.fr\/fr\/portfolio-items\/#primaryimage","url":"https:\/\/www.olivierphoto.fr\/wp-content\/themes\/blacksilver\/images\/placeholders\/placeholder-770x770.gif","contentUrl":"https:\/\/www.olivierphoto.fr\/wp-content\/themes\/blacksilver\/images\/placeholders\/placeholder-770x770.gif"},{"@type":"BreadcrumbList","@id":"https:\/\/www.olivierphoto.fr\/fr\/portfolio-items\/#breadcrumb","itemListElement":[{"@type":"ListItem","position":1,"name":"Accueil","item":"https:\/\/www.olivierphoto.fr\/fr\/"},{"@type":"ListItem","position":2,"name":"Portfolios"}]},{"@type":"WebSite","@id":"https:\/\/www.olivierphoto.fr\/fr\/#website","url":"https:\/\/www.olivierphoto.fr\/fr\/","name":"Olivier photo | Photographe \u00e0 Courchevel","description":"Photographe \u00e0 Courchevel","publisher":{"@id":"https:\/\/www.olivierphoto.fr\/fr\/#organization"},"potentialAction":[{"@type":"SearchAction","target":{"@type":"EntryPoint","urlTemplate":"https:\/\/www.olivierphoto.fr\/fr\/?s={search_term_string}"},"query-input":{"@type":"PropertyValueSpecification","valueRequired":true,"valueName":"search_term_string"}}],"inLanguage":"fr-FR"},{"@type":"Organization","@id":"https:\/\/www.olivierphoto.fr\/fr\/#organization","name":"Olivier Photo","url":"https:\/\/www.olivierphoto.fr\/fr\/","logo":{"@type":"ImageObject","inLanguage":"fr-FR","@id":"https:\/\/www.olivierphoto.fr\/fr\/#\/schema\/logo\/image\/","url":"https:\/\/www.olivierphoto.fr\/wp-content\/uploads\/2021\/02\/cropped-icone.jpg","contentUrl":"https:\/\/www.olivierphoto.fr\/wp-content\/uploads\/2021\/02\/cropped-icone.jpg","width":512,"height":512,"caption":"Olivier Photo"},"image":{"@id":"https:\/\/www.olivierphoto.fr\/fr\/#\/schema\/logo\/image\/"},"sameAs":["https:\/\/www.facebook.com\/olivierphotocourchevel","https:\/\/www.instagram.com\/olivierphotocourchevel\/"]}]}},"_links":{"self":[{"href":"https:\/\/www.olivierphoto.fr\/fr\/wp-json\/wp\/v2\/pages\/191","targetHints":{"allow":["GET"]}}],"collection":[{"href":"https:\/\/www.olivierphoto.fr\/fr\/wp-json\/wp\/v2\/pages"}],"about":[{"href":"https:\/\/www.olivierphoto.fr\/fr\/wp-json\/wp\/v2\/types\/page"}],"author":[{"embeddable":true,"href":"https:\/\/www.olivierphoto.fr\/fr\/wp-json\/wp\/v2\/users\/2"}],"replies":[{"embeddable":true,"href":"https:\/\/www.olivierphoto.fr\/fr\/wp-json\/wp\/v2\/comments?post=191"}],"version-history":[{"count":3,"href":"https:\/\/www.olivierphoto.fr\/fr\/wp-json\/wp\/v2\/pages\/191\/revisions"}],"predecessor-version":[{"id":4555,"href":"https:\/\/www.olivierphoto.fr\/fr\/wp-json\/wp\/v2\/pages\/191\/revisions\/4555"}],"wp:attachment":[{"href":"https:\/\/www.olivierphoto.fr\/fr\/wp-json\/wp\/v2\/media?parent=191"}],"curies":[{"name":"wp","href":"https:\/\/api.w.org\/{rel}","templated":true}]}}