{"id":34,"date":"2018-07-15T03:35:25","date_gmt":"2018-07-15T01:35:25","guid":{"rendered":"http:\/\/192.168.1.3\/wp\/kordex\/?page_id=34"},"modified":"2021-08-28T14:45:14","modified_gmt":"2021-08-28T12:45:14","slug":"tiragesphoto","status":"publish","type":"page","link":"https:\/\/www.olivierphoto.fr\/fr\/tiragesphoto\/","title":{"rendered":"Tirages photo"},"content":{"rendered":"\t\t<div data-elementor-type=\"wp-post\" data-elementor-id=\"34\" class=\"elementor elementor-34\">\n\t\t\t\t\t\t<section class=\"elementor-section elementor-top-section elementor-element elementor-element-cf5b447 elementor-section-full_width elementor-section-height-default elementor-section-height-default\" data-id=\"cf5b447\" data-element_type=\"section\" data-e-type=\"section\">\n\t\t\t\t\t\t<div class=\"elementor-container elementor-column-gap-default\">\n\t\t\t\t\t<div class=\"elementor-column elementor-col-100 elementor-top-column elementor-element elementor-element-b0b3538\" data-id=\"b0b3538\" data-element_type=\"column\" data-e-type=\"column\">\n\t\t\t<div class=\"elementor-widget-wrap elementor-element-populated\">\n\t\t\t\t\t\t<div class=\"elementor-element elementor-element-edb01e3 elementor-widget elementor-widget-text-editor\" data-id=\"edb01e3\" data-element_type=\"widget\" data-e-type=\"widget\" data-widget_type=\"text-editor.default\">\n\t\t\t\t<div class=\"elementor-widget-container\">\n\t\t\t\t\t\t\t\t\t<p class=\"p1\" style=\"text-align: center;\">Artisan <strong>photographe \u00e0 Courchevel<\/strong> en <strong>Savoie<\/strong> depuis 25 ans, je dispose d\u2019un laboratoire photo professionnel dans mon magasin situ\u00e9 \u00e0 <strong>Courchevel 1650<\/strong>. Mon \u00e9quipe de <strong>professionnels de la photo<\/strong> vous accueille et vous conseille, pour r\u00e9pondre au mieux \u00e0 vos attentes ou r\u00e9server une date pour votre <strong>reportage photos<\/strong>, en journ\u00e9e, en soir\u00e9e, pendant le week-end ou les vacances.<\/p><p class=\"p1\" style=\"text-align: center;\"><a href=\"https:\/\/www.olivierphoto.fr\/services\/\"><span class=\"s1\"><i>Voir les diff\u00e9rentes prestations photos<\/i><\/span><\/a><\/p>\t\t\t\t\t\t\t\t<\/div>\n\t\t\t\t<\/div>\n\t\t\t\t<div class=\"elementor-element elementor-element-e389c81 elementor-arrows-position-inside elementor-pagination-position-outside elementor-widget elementor-widget-image-carousel\" data-id=\"e389c81\" data-element_type=\"widget\" data-e-type=\"widget\" data-settings=\"{&quot;slides_to_show&quot;:&quot;3&quot;,&quot;navigation&quot;:&quot;both&quot;,&quot;autoplay&quot;:&quot;yes&quot;,&quot;pause_on_hover&quot;:&quot;yes&quot;,&quot;pause_on_interaction&quot;:&quot;yes&quot;,&quot;autoplay_speed&quot;:5000,&quot;infinite&quot;:&quot;yes&quot;,&quot;speed&quot;:500,&quot;image_spacing_custom&quot;:{&quot;unit&quot;:&quot;px&quot;,&quot;size&quot;:20,&quot;sizes&quot;:[]},&quot;image_spacing_custom_tablet&quot;:{&quot;unit&quot;:&quot;px&quot;,&quot;size&quot;:&quot;&quot;,&quot;sizes&quot;:[]},&quot;image_spacing_custom_mobile&quot;:{&quot;unit&quot;:&quot;px&quot;,&quot;size&quot;:&quot;&quot;,&quot;sizes&quot;:[]}}\" data-widget_type=\"image-carousel.default\">\n\t\t\t\t<div class=\"elementor-widget-container\">\n\t\t\t\t\t\t\t<div class=\"elementor-image-carousel-wrapper swiper\" role=\"region\" aria-roledescription=\"carousel\" aria-label=\"Carrousel d\u2019images\" dir=\"ltr\">\n\t\t\t<div class=\"elementor-image-carousel swiper-wrapper\" aria-live=\"off\">\n\t\t\t\t\t\t\t\t<div class=\"swiper-slide\" role=\"group\" aria-roledescription=\"slide\" aria-label=\"1 sur 7\"><figure class=\"swiper-slide-inner\"><img decoding=\"async\" class=\"swiper-slide-image\" src=\"https:\/\/www.olivierphoto.fr\/wp-content\/uploads\/2021\/08\/\u00a9OlivierPhoto-boutique-7.jpg\" alt=\"\u00a9OlivierPhoto-boutique-7\" \/><\/figure><\/div><div class=\"swiper-slide\" role=\"group\" aria-roledescription=\"slide\" aria-label=\"2 sur 7\"><figure class=\"swiper-slide-inner\"><img decoding=\"async\" class=\"swiper-slide-image\" src=\"https:\/\/www.olivierphoto.fr\/wp-content\/uploads\/2021\/08\/\u00a9OlivierPhoto-boutique-5.jpg\" alt=\"\u00a9OlivierPhoto-boutique-5\" \/><\/figure><\/div><div class=\"swiper-slide\" role=\"group\" aria-roledescription=\"slide\" aria-label=\"3 sur 7\"><figure class=\"swiper-slide-inner\"><img decoding=\"async\" class=\"swiper-slide-image\" src=\"https:\/\/www.olivierphoto.fr\/wp-content\/uploads\/2021\/08\/\u00a9OlivierPhoto-boutique-4.jpg\" alt=\"\u00a9OlivierPhoto-boutique-4\" \/><\/figure><\/div><div class=\"swiper-slide\" role=\"group\" aria-roledescription=\"slide\" aria-label=\"4 sur 7\"><figure class=\"swiper-slide-inner\"><img decoding=\"async\" class=\"swiper-slide-image\" src=\"https:\/\/www.olivierphoto.fr\/wp-content\/uploads\/2021\/08\/\u00a9OlivierPhoto-boutique-3.jpg\" alt=\"\u00a9OlivierPhoto-boutique-3\" \/><\/figure><\/div><div class=\"swiper-slide\" role=\"group\" aria-roledescription=\"slide\" aria-label=\"5 sur 7\"><figure class=\"swiper-slide-inner\"><img decoding=\"async\" class=\"swiper-slide-image\" src=\"https:\/\/www.olivierphoto.fr\/wp-content\/uploads\/2021\/08\/\u00a9OlivierPhoto-boutique-6.jpg\" alt=\"\u00a9OlivierPhoto-boutique-6\" \/><\/figure><\/div><div class=\"swiper-slide\" role=\"group\" aria-roledescription=\"slide\" aria-label=\"6 sur 7\"><figure class=\"swiper-slide-inner\"><img decoding=\"async\" class=\"swiper-slide-image\" src=\"https:\/\/www.olivierphoto.fr\/wp-content\/uploads\/2021\/08\/\u00a9OlivierPhoto-boutique-2.jpg\" alt=\"\u00a9OlivierPhoto-boutique-2\" \/><\/figure><\/div><div class=\"swiper-slide\" role=\"group\" aria-roledescription=\"slide\" aria-label=\"7 sur 7\"><figure class=\"swiper-slide-inner\"><img decoding=\"async\" class=\"swiper-slide-image\" src=\"https:\/\/www.olivierphoto.fr\/wp-content\/uploads\/2021\/08\/\u00a9OlivierPhoto-boutique-1.jpg\" alt=\"\u00a9OlivierPhoto-boutique-1\" \/><\/figure><\/div>\t\t\t<\/div>\n\t\t\t\t\t\t\t\t\t\t\t\t<div class=\"elementor-swiper-button elementor-swiper-button-prev\" role=\"button\" tabindex=\"0\">\n\t\t\t\t\t\t<i aria-hidden=\"true\" class=\"eicon-chevron-left\"><\/i>\t\t\t\t\t<\/div>\n\t\t\t\t\t<div class=\"elementor-swiper-button elementor-swiper-button-next\" role=\"button\" tabindex=\"0\">\n\t\t\t\t\t\t<i aria-hidden=\"true\" class=\"eicon-chevron-right\"><\/i>\t\t\t\t\t<\/div>\n\t\t\t\t\n\t\t\t\t\t\t\t\t\t<div class=\"swiper-pagination\"><\/div>\n\t\t\t\t\t\t\t\t\t<\/div>\n\t\t\t\t\t\t<\/div>\n\t\t\t\t<\/div>\n\t\t\t\t<section class=\"elementor-section elementor-inner-section elementor-element elementor-element-61a2cd1 elementor-section-boxed elementor-section-height-default elementor-section-height-default\" data-id=\"61a2cd1\" data-element_type=\"section\" data-e-type=\"section\">\n\t\t\t\t\t\t<div class=\"elementor-container elementor-column-gap-default\">\n\t\t\t\t\t<div class=\"elementor-column elementor-col-100 elementor-inner-column elementor-element elementor-element-bcd7b55\" data-id=\"bcd7b55\" data-element_type=\"column\" data-e-type=\"column\">\n\t\t\t<div class=\"elementor-widget-wrap elementor-element-populated\">\n\t\t\t\t\t\t<div class=\"elementor-element elementor-element-d95fc00 elementor-widget elementor-widget-heading\" data-id=\"d95fc00\" data-element_type=\"widget\" data-e-type=\"widget\" data-widget_type=\"heading.default\">\n\t\t\t\t<div class=\"elementor-widget-container\">\n\t\t\t\t\t<p class=\"elementor-heading-title elementor-size-default\">Une qualit\u00e9 d\u2019impression haut de gamme<\/p>\t\t\t\t<\/div>\n\t\t\t\t<\/div>\n\t\t\t\t<div class=\"elementor-element elementor-element-88414fd elementor-widget elementor-widget-text-editor\" data-id=\"88414fd\" data-element_type=\"widget\" data-e-type=\"widget\" data-widget_type=\"text-editor.default\">\n\t\t\t\t<div class=\"elementor-widget-container\">\n\t\t\t\t\t\t\t\t\t<p class=\"p1\" style=\"text-align: center;\">Quelle que soit la formule retenue, tous nos tirages num\u00e9riques sont r\u00e9alis\u00e9s sur papier argentique. La taille de notre machine permet d\u2019imprimer des tirages jusqu\u2019\u00e0 40 x 60 cm. Au-del\u00e0, nous faisons appel \u00e0 des partenaires sp\u00e9cialis\u00e9s de la r\u00e9gion Savoie Mont Blanc.<\/p><p class=\"p1\" style=\"text-align: center;\">Les tirages peuvent \u00eatre contrecoll\u00e9s sur le support de votre choix et sont ensuite livr\u00e9s directement \u00e0 votre h\u00f4tel ou envoy\u00e9s chez vous, dans un emballage appropri\u00e9 et renforc\u00e9, avec les fixations adapt\u00e9es \u00e0 vos murs. Nous traitons vos commandes\u00a0dans la journ\u00e9e afin de vous offrir le meilleur service.<\/p>\t\t\t\t\t\t\t\t<\/div>\n\t\t\t\t<\/div>\n\t\t\t\t\t<\/div>\n\t\t<\/div>\n\t\t\t\t\t<\/div>\n\t\t<\/section>\n\t\t\t\t\t<\/div>\n\t\t<\/div>\n\t\t\t\t\t<\/div>\n\t\t<\/section>\n\t\t\t\t<section class=\"elementor-section elementor-top-section elementor-element elementor-element-626e3a4 elementor-section-full_width elementor-section-height-default elementor-section-height-default\" data-id=\"626e3a4\" data-element_type=\"section\" data-e-type=\"section\">\n\t\t\t\t\t\t<div class=\"elementor-container elementor-column-gap-extended\">\n\t\t\t\t\t<div class=\"elementor-column elementor-col-50 elementor-top-column elementor-element elementor-element-33cd3ff\" data-id=\"33cd3ff\" data-element_type=\"column\" data-e-type=\"column\">\n\t\t\t<div class=\"elementor-widget-wrap elementor-element-populated\">\n\t\t\t\t\t\t<div class=\"elementor-element elementor-element-d630b2b elementor-widget elementor-widget-heading\" data-id=\"d630b2b\" data-element_type=\"widget\" data-e-type=\"widget\" data-widget_type=\"heading.default\">\n\t\t\t\t<div class=\"elementor-widget-container\">\n\t\t\t\t\t<p class=\"elementor-heading-title elementor-size-default\">Exemples de r\u00e9alisations<\/p>\t\t\t\t<\/div>\n\t\t\t\t<\/div>\n\t\t\t\t<div class=\"elementor-element elementor-element-89da7a5 elementor-widget elementor-widget-text-editor\" data-id=\"89da7a5\" data-element_type=\"widget\" data-e-type=\"widget\" data-widget_type=\"text-editor.default\">\n\t\t\t\t<div class=\"elementor-widget-container\">\n\t\t\t\t\t\t\t\t\t<ul class=\"ul1\"><li class=\"li1\">Tirages num\u00e9riques sur papier argentique sous diff\u00e9rents formats\u00a0<\/li><li class=\"li1\">Posters sur papier argentique<\/li><li class=\"li1\">Agrandissements<\/li><li class=\"li1\">Contrecollage sur supports acrylique, Dibond, toile&#8230;<\/li><li class=\"li1\">Albums photos<\/li><li class=\"li1\">Encadrements bois ou m\u00e9tal<\/li><\/ul><p class=\"p1\">Les tarifs sont variables en fonction du papier, du format, des quantit\u00e9s et des supports.\u00a0<a href=\"https:\/\/www.olivierphoto.fr\/contact\/\"><span class=\"s1\"><i>Demandez-nous un devis<\/i><\/span><\/a><\/p>\t\t\t\t\t\t\t\t<\/div>\n\t\t\t\t<\/div>\n\t\t\t\t\t<\/div>\n\t\t<\/div>\n\t\t\t\t<div class=\"elementor-column elementor-col-50 elementor-top-column elementor-element elementor-element-1279e5b\" data-id=\"1279e5b\" data-element_type=\"column\" data-e-type=\"column\">\n\t\t\t<div class=\"elementor-widget-wrap elementor-element-populated\">\n\t\t\t\t\t\t<div class=\"elementor-element elementor-element-bb58559 elementor-widget elementor-widget-heading\" data-id=\"bb58559\" data-element_type=\"widget\" data-e-type=\"widget\" data-widget_type=\"heading.default\">\n\t\t\t\t<div class=\"elementor-widget-container\">\n\t\t\t\t\t<p class=\"elementor-heading-title elementor-size-default\"><span style=\"font-family: Sarabun;font-size: 25px;font-style: normal;font-weight: 400;text-align: center\">LES DIFF\u00c9RENTES OPTIONS<\/span><span style=\"font-family: Sarabun;font-size: 25px;font-style: normal;font-weight: 400;text-align: center\"><\/span><\/p>\t\t\t\t<\/div>\n\t\t\t\t<\/div>\n\t\t\t\t<div class=\"elementor-element elementor-element-3c4ab52 elementor-widget elementor-widget-text-editor\" data-id=\"3c4ab52\" data-element_type=\"widget\" data-e-type=\"widget\" data-widget_type=\"text-editor.default\">\n\t\t\t\t<div class=\"elementor-widget-container\">\n\t\t\t\t\t\t\t\t\t<p class=\"p1\">Une fois le reportage photos finalis\u00e9, vous\u00a0pouvez :<\/p><ul><li class=\"p1\">consulter vos photos sur internet et les partager avec vos proches, amis, famille ou collaborateurs, s\u2019il s\u2019agit d\u2019un \u00e9v\u00e9nement professionnel,<\/li><li class=\"p1\">commander des tirages papier dans diff\u00e9rents formats et supports,<\/li><li class=\"p1\">consulter vos photos directement \u00e0 votre h\u00f4tel ou chalet d\u00e8s la fin de journ\u00e9e,<\/li><li class=\"p1\">venir au magasin pour choisir les tirages, les formats, les albums et les encadrements souhait\u00e9s.<\/li><\/ul>\t\t\t\t\t\t\t\t<\/div>\n\t\t\t\t<\/div>\n\t\t\t\t\t<\/div>\n\t\t<\/div>\n\t\t\t\t\t<\/div>\n\t\t<\/section>\n\t\t\t\t<\/div>\n\t\t","protected":false},"excerpt":{"rendered":"<p>Artisan photographe \u00e0 Courchevel en Savoie depuis 25 ans, je dispose d\u2019un laboratoire photo professionnel dans mon magasin situ\u00e9 \u00e0 Courchevel 1650. Mon \u00e9quipe de professionnels de la photo vous accueille et vous conseille, pour r\u00e9pondre au mieux \u00e0 vos attentes ou r\u00e9server une date pour votre reportage photos, en journ\u00e9e, en soir\u00e9e, pendant le week-end ou les vacances. Voir les diff\u00e9rentes prestations photos Pr\u00e9c\u00e9dent Suivant Une qualit\u00e9 d\u2019impression haut de gamme Quelle que soit la formule retenue, tous nos [&hellip;]<\/p>\n","protected":false},"author":2,"featured_media":0,"parent":0,"menu_order":0,"comment_status":"closed","ping_status":"closed","template":"","meta":{"footnotes":""},"class_list":["post-34","page","type-page","status-publish","hentry"],"yoast_head":"<!-- This site is optimized with the Yoast SEO plugin v27.4 - https:\/\/yoast.com\/product\/yoast-seo-wordpress\/ -->\n<title>Tirages photo - Olivier Photo<\/title>\n<meta name=\"description\" content=\"Je dispose d\u2019un laboratoire photo professionnel \u00e0 Courchevel 1650. Mon \u00e9quipe de professionnels de la photo vous accueille et vous conseille.\" \/>\n<meta name=\"robots\" content=\"index, follow, max-snippet:-1, max-image-preview:large, max-video-preview:-1\" \/>\n<link rel=\"canonical\" href=\"https:\/\/www.olivierphoto.fr\/fr\/tiragesphoto\/\" \/>\n<meta property=\"og:locale\" content=\"fr_FR\" \/>\n<meta property=\"og:type\" content=\"article\" \/>\n<meta property=\"og:title\" content=\"Tirages photo - Olivier Photo\" \/>\n<meta property=\"og:description\" content=\"Je dispose d\u2019un laboratoire photo professionnel \u00e0 Courchevel 1650. Mon \u00e9quipe de professionnels de la photo vous accueille et vous conseille.\" \/>\n<meta property=\"og:url\" content=\"https:\/\/www.olivierphoto.fr\/fr\/tiragesphoto\/\" \/>\n<meta property=\"og:site_name\" content=\"Olivier Photo\" \/>\n<meta property=\"article:publisher\" content=\"https:\/\/www.facebook.com\/olivierphotocourchevel\" \/>\n<meta property=\"article:modified_time\" content=\"2021-08-28T12:45:14+00:00\" \/>\n<meta property=\"og:image\" content=\"https:\/\/www.olivierphoto.fr\/wp-content\/uploads\/2021\/08\/\u00a9OlivierPhoto-boutique-7.jpg\" \/>\n<meta name=\"twitter:card\" content=\"summary_large_image\" \/>\n<meta name=\"twitter:label1\" content=\"Dur\u00e9e de lecture estim\u00e9e\" \/>\n\t<meta name=\"twitter:data1\" content=\"3 minutes\" \/>\n<script type=\"application\/ld+json\" class=\"yoast-schema-graph\">{\"@context\":\"https:\\\/\\\/schema.org\",\"@graph\":[{\"@type\":\"WebPage\",\"@id\":\"https:\\\/\\\/www.olivierphoto.fr\\\/fr\\\/tiragesphoto\\\/\",\"url\":\"https:\\\/\\\/www.olivierphoto.fr\\\/fr\\\/tiragesphoto\\\/\",\"name\":\"Tirages photo - Olivier Photo\",\"isPartOf\":{\"@id\":\"https:\\\/\\\/www.olivierphoto.fr\\\/fr\\\/#website\"},\"datePublished\":\"2018-07-15T01:35:25+00:00\",\"dateModified\":\"2021-08-28T12:45:14+00:00\",\"description\":\"Je dispose d\u2019un laboratoire photo professionnel \u00e0 Courchevel 1650. Mon \u00e9quipe de professionnels de la photo vous accueille et vous conseille.\",\"breadcrumb\":{\"@id\":\"https:\\\/\\\/www.olivierphoto.fr\\\/fr\\\/tiragesphoto\\\/#breadcrumb\"},\"inLanguage\":\"fr-FR\",\"potentialAction\":[{\"@type\":\"ReadAction\",\"target\":[\"https:\\\/\\\/www.olivierphoto.fr\\\/fr\\\/tiragesphoto\\\/\"]}]},{\"@type\":\"BreadcrumbList\",\"@id\":\"https:\\\/\\\/www.olivierphoto.fr\\\/fr\\\/tiragesphoto\\\/#breadcrumb\",\"itemListElement\":[{\"@type\":\"ListItem\",\"position\":1,\"name\":\"Accueil\",\"item\":\"https:\\\/\\\/www.olivierphoto.fr\\\/fr\\\/\"},{\"@type\":\"ListItem\",\"position\":2,\"name\":\"Tirages photo\"}]},{\"@type\":\"WebSite\",\"@id\":\"https:\\\/\\\/www.olivierphoto.fr\\\/fr\\\/#website\",\"url\":\"https:\\\/\\\/www.olivierphoto.fr\\\/fr\\\/\",\"name\":\"Olivier photo | Photographe \u00e0 Courchevel\",\"description\":\"Photographe \u00e0 Courchevel\",\"publisher\":{\"@id\":\"https:\\\/\\\/www.olivierphoto.fr\\\/fr\\\/#organization\"},\"potentialAction\":[{\"@type\":\"SearchAction\",\"target\":{\"@type\":\"EntryPoint\",\"urlTemplate\":\"https:\\\/\\\/www.olivierphoto.fr\\\/fr\\\/?s={search_term_string}\"},\"query-input\":{\"@type\":\"PropertyValueSpecification\",\"valueRequired\":true,\"valueName\":\"search_term_string\"}}],\"inLanguage\":\"fr-FR\"},{\"@type\":\"Organization\",\"@id\":\"https:\\\/\\\/www.olivierphoto.fr\\\/fr\\\/#organization\",\"name\":\"Olivier Photo\",\"url\":\"https:\\\/\\\/www.olivierphoto.fr\\\/fr\\\/\",\"logo\":{\"@type\":\"ImageObject\",\"inLanguage\":\"fr-FR\",\"@id\":\"https:\\\/\\\/www.olivierphoto.fr\\\/fr\\\/#\\\/schema\\\/logo\\\/image\\\/\",\"url\":\"https:\\\/\\\/www.olivierphoto.fr\\\/wp-content\\\/uploads\\\/2021\\\/02\\\/cropped-icone.jpg\",\"contentUrl\":\"https:\\\/\\\/www.olivierphoto.fr\\\/wp-content\\\/uploads\\\/2021\\\/02\\\/cropped-icone.jpg\",\"width\":512,\"height\":512,\"caption\":\"Olivier Photo\"},\"image\":{\"@id\":\"https:\\\/\\\/www.olivierphoto.fr\\\/fr\\\/#\\\/schema\\\/logo\\\/image\\\/\"},\"sameAs\":[\"https:\\\/\\\/www.facebook.com\\\/olivierphotocourchevel\",\"https:\\\/\\\/www.instagram.com\\\/olivierphotocourchevel\\\/\"]}]}<\/script>\n<!-- \/ Yoast SEO plugin. -->","yoast_head_json":{"title":"Tirages photo - Olivier Photo","description":"Je dispose d\u2019un laboratoire photo professionnel \u00e0 Courchevel 1650. Mon \u00e9quipe de professionnels de la photo vous accueille et vous conseille.","robots":{"index":"index","follow":"follow","max-snippet":"max-snippet:-1","max-image-preview":"max-image-preview:large","max-video-preview":"max-video-preview:-1"},"canonical":"https:\/\/www.olivierphoto.fr\/fr\/tiragesphoto\/","og_locale":"fr_FR","og_type":"article","og_title":"Tirages photo - Olivier Photo","og_description":"Je dispose d\u2019un laboratoire photo professionnel \u00e0 Courchevel 1650. Mon \u00e9quipe de professionnels de la photo vous accueille et vous conseille.","og_url":"https:\/\/www.olivierphoto.fr\/fr\/tiragesphoto\/","og_site_name":"Olivier Photo","article_publisher":"https:\/\/www.facebook.com\/olivierphotocourchevel","article_modified_time":"2021-08-28T12:45:14+00:00","og_image":[{"url":"https:\/\/www.olivierphoto.fr\/wp-content\/uploads\/2021\/08\/\u00a9OlivierPhoto-boutique-7.jpg","type":"","width":"","height":""}],"twitter_card":"summary_large_image","twitter_misc":{"Dur\u00e9e de lecture estim\u00e9e":"3 minutes"},"schema":{"@context":"https:\/\/schema.org","@graph":[{"@type":"WebPage","@id":"https:\/\/www.olivierphoto.fr\/fr\/tiragesphoto\/","url":"https:\/\/www.olivierphoto.fr\/fr\/tiragesphoto\/","name":"Tirages photo - Olivier Photo","isPartOf":{"@id":"https:\/\/www.olivierphoto.fr\/fr\/#website"},"datePublished":"2018-07-15T01:35:25+00:00","dateModified":"2021-08-28T12:45:14+00:00","description":"Je dispose d\u2019un laboratoire photo professionnel \u00e0 Courchevel 1650. Mon \u00e9quipe de professionnels de la photo vous accueille et vous conseille.","breadcrumb":{"@id":"https:\/\/www.olivierphoto.fr\/fr\/tiragesphoto\/#breadcrumb"},"inLanguage":"fr-FR","potentialAction":[{"@type":"ReadAction","target":["https:\/\/www.olivierphoto.fr\/fr\/tiragesphoto\/"]}]},{"@type":"BreadcrumbList","@id":"https:\/\/www.olivierphoto.fr\/fr\/tiragesphoto\/#breadcrumb","itemListElement":[{"@type":"ListItem","position":1,"name":"Accueil","item":"https:\/\/www.olivierphoto.fr\/fr\/"},{"@type":"ListItem","position":2,"name":"Tirages photo"}]},{"@type":"WebSite","@id":"https:\/\/www.olivierphoto.fr\/fr\/#website","url":"https:\/\/www.olivierphoto.fr\/fr\/","name":"Olivier photo | Photographe \u00e0 Courchevel","description":"Photographe \u00e0 Courchevel","publisher":{"@id":"https:\/\/www.olivierphoto.fr\/fr\/#organization"},"potentialAction":[{"@type":"SearchAction","target":{"@type":"EntryPoint","urlTemplate":"https:\/\/www.olivierphoto.fr\/fr\/?s={search_term_string}"},"query-input":{"@type":"PropertyValueSpecification","valueRequired":true,"valueName":"search_term_string"}}],"inLanguage":"fr-FR"},{"@type":"Organization","@id":"https:\/\/www.olivierphoto.fr\/fr\/#organization","name":"Olivier Photo","url":"https:\/\/www.olivierphoto.fr\/fr\/","logo":{"@type":"ImageObject","inLanguage":"fr-FR","@id":"https:\/\/www.olivierphoto.fr\/fr\/#\/schema\/logo\/image\/","url":"https:\/\/www.olivierphoto.fr\/wp-content\/uploads\/2021\/02\/cropped-icone.jpg","contentUrl":"https:\/\/www.olivierphoto.fr\/wp-content\/uploads\/2021\/02\/cropped-icone.jpg","width":512,"height":512,"caption":"Olivier Photo"},"image":{"@id":"https:\/\/www.olivierphoto.fr\/fr\/#\/schema\/logo\/image\/"},"sameAs":["https:\/\/www.facebook.com\/olivierphotocourchevel","https:\/\/www.instagram.com\/olivierphotocourchevel\/"]}]}},"_links":{"self":[{"href":"https:\/\/www.olivierphoto.fr\/fr\/wp-json\/wp\/v2\/pages\/34","targetHints":{"allow":["GET"]}}],"collection":[{"href":"https:\/\/www.olivierphoto.fr\/fr\/wp-json\/wp\/v2\/pages"}],"about":[{"href":"https:\/\/www.olivierphoto.fr\/fr\/wp-json\/wp\/v2\/types\/page"}],"author":[{"embeddable":true,"href":"https:\/\/www.olivierphoto.fr\/fr\/wp-json\/wp\/v2\/users\/2"}],"replies":[{"embeddable":true,"href":"https:\/\/www.olivierphoto.fr\/fr\/wp-json\/wp\/v2\/comments?post=34"}],"version-history":[{"count":0,"href":"https:\/\/www.olivierphoto.fr\/fr\/wp-json\/wp\/v2\/pages\/34\/revisions"}],"wp:attachment":[{"href":"https:\/\/www.olivierphoto.fr\/fr\/wp-json\/wp\/v2\/media?parent=34"}],"curies":[{"name":"wp","href":"https:\/\/api.w.org\/{rel}","templated":true}]}}