{"id":4361,"date":"2021-08-28T08:08:21","date_gmt":"2021-08-28T06:08:21","guid":{"rendered":"https:\/\/www.olivierphoto.fr\/?page_id=4361"},"modified":"2023-02-13T19:09:00","modified_gmt":"2023-02-13T18:09:00","slug":"galeries-privees","status":"publish","type":"page","link":"https:\/\/www.olivierphoto.fr\/fr\/galeries-privees\/","title":{"rendered":"Galeries Priv\u00e9es"},"content":{"rendered":"\t\t<div data-elementor-type=\"wp-post\" data-elementor-id=\"4361\" class=\"elementor elementor-4361\">\n\t\t\t\t\t\t<section class=\"elementor-section elementor-top-section elementor-element elementor-element-3cbf4ad elementor-section-full_width elementor-section-height-default elementor-section-height-default\" data-id=\"3cbf4ad\" data-element_type=\"section\" data-e-type=\"section\">\n\t\t\t\t\t\t<div class=\"elementor-container elementor-column-gap-default\">\n\t\t\t\t\t<div class=\"elementor-column elementor-col-100 elementor-top-column elementor-element elementor-element-b5ec877\" data-id=\"b5ec877\" data-element_type=\"column\" data-e-type=\"column\">\n\t\t\t<div class=\"elementor-widget-wrap elementor-element-populated\">\n\t\t\t\t\t\t<div class=\"elementor-element elementor-element-d5b4219 elementor-widget elementor-widget-spacer\" data-id=\"d5b4219\" data-element_type=\"widget\" data-e-type=\"widget\" data-widget_type=\"spacer.default\">\n\t\t\t\t<div class=\"elementor-widget-container\">\n\t\t\t\t\t\t\t<div class=\"elementor-spacer\">\n\t\t\t<div class=\"elementor-spacer-inner\"><\/div>\n\t\t<\/div>\n\t\t\t\t\t\t<\/div>\n\t\t\t\t<\/div>\n\t\t\t\t<div class=\"elementor-element elementor-element-9b864d0 elementor-widget__width-auto elementor-widget elementor-widget-html\" data-id=\"9b864d0\" data-element_type=\"widget\" data-e-type=\"widget\" data-widget_type=\"html.default\">\n\t\t\t\t<div class=\"elementor-widget-container\">\n\t\t\t\t\t<div style=\"display:inline-block;width:100%;max-width:260px;margin-right:0px;vertical-align:top; font-family:'Open Sans',sans-serif;\"><span style=\"display:block;padding:4px;text-align:center;color:#777777;font-size:14px;border:1px dashed #777777;\">Acc\u00e8s aux albums priv\u00e9s<\/span><p style=\"margin-top:5px; text-align:center;margin-bottom:10px;font-size:13px;\">Saisissez ci-dessous vos identifiants pour acc\u00e9der \u00e0 vos albums<\/p><form method=\"post\" action=\"https:\/\/www.jingoo.com\/index.php\" target=\"_top\"><div><input name=\"login\" id=\"identifiant2\" value=\"OF1-\" placeholder=\"Identifiant\" style=\"width:100%;background:#D8D8D8;border:1px solid #ccc;padding:5px 10px;color:#555;margin-bottom: 5px;\" type=\"text\"><\/div><div><input name=\"password\" id=\"pass2\" value=\"Mot de passe\" placeholder=\"Mot de passe\" onfocus=\"if (this.value=='Mot de passe') {this.value=''}\" style=\"width:100%;background:#D8D8D8;border:1px solid #ccc;padding:5px 10px;color:#555;margin-bottom: 5px;\" type=\"text\"><\/div><input name=\"action\" value=\"login\" type=\"hidden\"><input name=\"idPhotographeAccesModule\" value=\"\/infos\/acces.php\/22488\" type=\"hidden\"><button name=\"Submit3\" value=\"OK\" type=\"submit\" style=\"display:block;width:100%;border:0;padding:5px;color:#ffffff;background-color:#1788B7;font-size:13px;margin-top:5px;text-decoration:none;text-align: center;border-radius:2px;cursor:pointer;font-family:'Open Sans',sans-serif;text-transform:uppercase;\">Connexion<\/button><\/form><\/div>\t\t\t\t<\/div>\n\t\t\t\t<\/div>\n\t\t\t\t<div class=\"elementor-element elementor-element-01015d6 elementor-widget elementor-widget-spacer\" data-id=\"01015d6\" data-element_type=\"widget\" data-e-type=\"widget\" data-widget_type=\"spacer.default\">\n\t\t\t\t<div class=\"elementor-widget-container\">\n\t\t\t\t\t\t\t<div class=\"elementor-spacer\">\n\t\t\t<div class=\"elementor-spacer-inner\"><\/div>\n\t\t<\/div>\n\t\t\t\t\t\t<\/div>\n\t\t\t\t<\/div>\n\t\t\t\t\t<\/div>\n\t\t<\/div>\n\t\t\t\t\t<\/div>\n\t\t<\/section>\n\t\t\t\t<section class=\"elementor-section elementor-top-section elementor-element elementor-element-c2b248e elementor-section-boxed elementor-section-height-default elementor-section-height-default\" data-id=\"c2b248e\" data-element_type=\"section\" data-e-type=\"section\">\n\t\t\t\t\t\t<div class=\"elementor-container elementor-column-gap-default\">\n\t\t\t\t\t<div class=\"elementor-column elementor-col-100 elementor-top-column elementor-element elementor-element-f40cc2e\" data-id=\"f40cc2e\" data-element_type=\"column\" data-e-type=\"column\">\n\t\t\t<div class=\"elementor-widget-wrap\">\n\t\t\t\t\t\t\t<\/div>\n\t\t<\/div>\n\t\t\t\t\t<\/div>\n\t\t<\/section>\n\t\t\t\t<section class=\"elementor-section elementor-top-section elementor-element elementor-element-5fbf61e elementor-section-boxed elementor-section-height-default elementor-section-height-default\" data-id=\"5fbf61e\" data-element_type=\"section\" data-e-type=\"section\">\n\t\t\t\t\t\t<div class=\"elementor-container elementor-column-gap-default\">\n\t\t\t\t\t<div class=\"elementor-column elementor-col-100 elementor-top-column elementor-element elementor-element-f517a22\" data-id=\"f517a22\" data-element_type=\"column\" data-e-type=\"column\">\n\t\t\t<div class=\"elementor-widget-wrap elementor-element-populated\">\n\t\t\t\t\t\t<div class=\"elementor-element elementor-element-a8f5e06 elementor-widget elementor-widget-html\" data-id=\"a8f5e06\" data-element_type=\"widget\" data-e-type=\"widget\" data-widget_type=\"html.default\">\n\t\t\t\t<div class=\"elementor-widget-container\">\n\t\t\t\t\t<div id=\"jingooGallery\"><\/div><script type=\"text\/javascript\">(function(i,s,o,g,r,a,m){i['JingooGalleryObject']=r;i[r]=i[r]||function(){(i[r].q=i[r].q||[]).push(arguments)},i[r].l=1*new Date();a=s.createElement(o),m=s.getElementsByTagName(o)[0];a.async=1;a.src=g;m.parentNode.insertBefore(a,m)})(window,document,'script',\"https:\/\/www.jingoo.com\/api\/accesDistant\/BGhQNgJQWmkLbFAkVT1XNlYjBWFUd1Y9AGxWPABoDWIDMlVvCjBTLglgBmVTIABvUztXPAJsB2hZOQMnDSNbVARkUCICb1pzC3c=.js\",'JingooGalleryLoader');<\/script>\t\t\t\t<\/div>\n\t\t\t\t<\/div>\n\t\t\t\t\t<\/div>\n\t\t<\/div>\n\t\t\t\t\t<\/div>\n\t\t<\/section>\n\t\t\t\t<\/div>\n\t\t","protected":false},"excerpt":{"rendered":"<p>Acc\u00e8s aux albums priv\u00e9s Saisissez ci-dessous vos identifiants pour acc\u00e9der \u00e0 vos albums Connexion<\/p>\n","protected":false},"author":2,"featured_media":0,"parent":0,"menu_order":0,"comment_status":"closed","ping_status":"closed","template":"","meta":{"footnotes":""},"class_list":["post-4361","page","type-page","status-publish","hentry"],"yoast_head":"<!-- This site is optimized with the Yoast SEO plugin v27.4 - https:\/\/yoast.com\/product\/yoast-seo-wordpress\/ -->\n<title>Galeries Priv\u00e9es - Olivier Photo<\/title>\n<meta name=\"robots\" content=\"index, follow, max-snippet:-1, max-image-preview:large, max-video-preview:-1\" \/>\n<link rel=\"canonical\" href=\"https:\/\/www.olivierphoto.fr\/fr\/galeries-privees\/\" \/>\n<meta property=\"og:locale\" content=\"fr_FR\" \/>\n<meta property=\"og:type\" content=\"article\" \/>\n<meta property=\"og:title\" content=\"Galeries Priv\u00e9es - Olivier Photo\" \/>\n<meta property=\"og:description\" content=\"Acc\u00e8s aux albums priv\u00e9s Saisissez ci-dessous vos identifiants pour acc\u00e9der \u00e0 vos albums Connexion\" \/>\n<meta property=\"og:url\" content=\"https:\/\/www.olivierphoto.fr\/fr\/galeries-privees\/\" \/>\n<meta property=\"og:site_name\" content=\"Olivier Photo\" \/>\n<meta property=\"article:publisher\" content=\"https:\/\/www.facebook.com\/olivierphotocourchevel\" \/>\n<meta property=\"article:modified_time\" content=\"2023-02-13T18:09:00+00:00\" \/>\n<meta name=\"twitter:card\" content=\"summary_large_image\" \/>\n<meta name=\"twitter:label1\" content=\"Dur\u00e9e de lecture estim\u00e9e\" \/>\n\t<meta name=\"twitter:data1\" content=\"1 minute\" \/>\n<script type=\"application\/ld+json\" class=\"yoast-schema-graph\">{\"@context\":\"https:\\\/\\\/schema.org\",\"@graph\":[{\"@type\":\"WebPage\",\"@id\":\"https:\\\/\\\/www.olivierphoto.fr\\\/fr\\\/galeries-privees\\\/\",\"url\":\"https:\\\/\\\/www.olivierphoto.fr\\\/fr\\\/galeries-privees\\\/\",\"name\":\"Galeries Priv\u00e9es - Olivier Photo\",\"isPartOf\":{\"@id\":\"https:\\\/\\\/www.olivierphoto.fr\\\/fr\\\/#website\"},\"datePublished\":\"2021-08-28T06:08:21+00:00\",\"dateModified\":\"2023-02-13T18:09:00+00:00\",\"breadcrumb\":{\"@id\":\"https:\\\/\\\/www.olivierphoto.fr\\\/fr\\\/galeries-privees\\\/#breadcrumb\"},\"inLanguage\":\"fr-FR\",\"potentialAction\":[{\"@type\":\"ReadAction\",\"target\":[\"https:\\\/\\\/www.olivierphoto.fr\\\/fr\\\/galeries-privees\\\/\"]}]},{\"@type\":\"BreadcrumbList\",\"@id\":\"https:\\\/\\\/www.olivierphoto.fr\\\/fr\\\/galeries-privees\\\/#breadcrumb\",\"itemListElement\":[{\"@type\":\"ListItem\",\"position\":1,\"name\":\"Accueil\",\"item\":\"https:\\\/\\\/www.olivierphoto.fr\\\/fr\\\/\"},{\"@type\":\"ListItem\",\"position\":2,\"name\":\"Galeries Priv\u00e9es\"}]},{\"@type\":\"WebSite\",\"@id\":\"https:\\\/\\\/www.olivierphoto.fr\\\/fr\\\/#website\",\"url\":\"https:\\\/\\\/www.olivierphoto.fr\\\/fr\\\/\",\"name\":\"Olivier photo | Photographe \u00e0 Courchevel\",\"description\":\"Photographe \u00e0 Courchevel\",\"publisher\":{\"@id\":\"https:\\\/\\\/www.olivierphoto.fr\\\/fr\\\/#organization\"},\"potentialAction\":[{\"@type\":\"SearchAction\",\"target\":{\"@type\":\"EntryPoint\",\"urlTemplate\":\"https:\\\/\\\/www.olivierphoto.fr\\\/fr\\\/?s={search_term_string}\"},\"query-input\":{\"@type\":\"PropertyValueSpecification\",\"valueRequired\":true,\"valueName\":\"search_term_string\"}}],\"inLanguage\":\"fr-FR\"},{\"@type\":\"Organization\",\"@id\":\"https:\\\/\\\/www.olivierphoto.fr\\\/fr\\\/#organization\",\"name\":\"Olivier Photo\",\"url\":\"https:\\\/\\\/www.olivierphoto.fr\\\/fr\\\/\",\"logo\":{\"@type\":\"ImageObject\",\"inLanguage\":\"fr-FR\",\"@id\":\"https:\\\/\\\/www.olivierphoto.fr\\\/fr\\\/#\\\/schema\\\/logo\\\/image\\\/\",\"url\":\"https:\\\/\\\/www.olivierphoto.fr\\\/wp-content\\\/uploads\\\/2021\\\/02\\\/cropped-icone.jpg\",\"contentUrl\":\"https:\\\/\\\/www.olivierphoto.fr\\\/wp-content\\\/uploads\\\/2021\\\/02\\\/cropped-icone.jpg\",\"width\":512,\"height\":512,\"caption\":\"Olivier Photo\"},\"image\":{\"@id\":\"https:\\\/\\\/www.olivierphoto.fr\\\/fr\\\/#\\\/schema\\\/logo\\\/image\\\/\"},\"sameAs\":[\"https:\\\/\\\/www.facebook.com\\\/olivierphotocourchevel\",\"https:\\\/\\\/www.instagram.com\\\/olivierphotocourchevel\\\/\"]}]}<\/script>\n<!-- \/ Yoast SEO plugin. -->","yoast_head_json":{"title":"Galeries Priv\u00e9es - Olivier Photo","robots":{"index":"index","follow":"follow","max-snippet":"max-snippet:-1","max-image-preview":"max-image-preview:large","max-video-preview":"max-video-preview:-1"},"canonical":"https:\/\/www.olivierphoto.fr\/fr\/galeries-privees\/","og_locale":"fr_FR","og_type":"article","og_title":"Galeries Priv\u00e9es - Olivier Photo","og_description":"Acc\u00e8s aux albums priv\u00e9s Saisissez ci-dessous vos identifiants pour acc\u00e9der \u00e0 vos albums Connexion","og_url":"https:\/\/www.olivierphoto.fr\/fr\/galeries-privees\/","og_site_name":"Olivier Photo","article_publisher":"https:\/\/www.facebook.com\/olivierphotocourchevel","article_modified_time":"2023-02-13T18:09:00+00:00","twitter_card":"summary_large_image","twitter_misc":{"Dur\u00e9e de lecture estim\u00e9e":"1 minute"},"schema":{"@context":"https:\/\/schema.org","@graph":[{"@type":"WebPage","@id":"https:\/\/www.olivierphoto.fr\/fr\/galeries-privees\/","url":"https:\/\/www.olivierphoto.fr\/fr\/galeries-privees\/","name":"Galeries Priv\u00e9es - Olivier Photo","isPartOf":{"@id":"https:\/\/www.olivierphoto.fr\/fr\/#website"},"datePublished":"2021-08-28T06:08:21+00:00","dateModified":"2023-02-13T18:09:00+00:00","breadcrumb":{"@id":"https:\/\/www.olivierphoto.fr\/fr\/galeries-privees\/#breadcrumb"},"inLanguage":"fr-FR","potentialAction":[{"@type":"ReadAction","target":["https:\/\/www.olivierphoto.fr\/fr\/galeries-privees\/"]}]},{"@type":"BreadcrumbList","@id":"https:\/\/www.olivierphoto.fr\/fr\/galeries-privees\/#breadcrumb","itemListElement":[{"@type":"ListItem","position":1,"name":"Accueil","item":"https:\/\/www.olivierphoto.fr\/fr\/"},{"@type":"ListItem","position":2,"name":"Galeries Priv\u00e9es"}]},{"@type":"WebSite","@id":"https:\/\/www.olivierphoto.fr\/fr\/#website","url":"https:\/\/www.olivierphoto.fr\/fr\/","name":"Olivier photo | Photographe \u00e0 Courchevel","description":"Photographe \u00e0 Courchevel","publisher":{"@id":"https:\/\/www.olivierphoto.fr\/fr\/#organization"},"potentialAction":[{"@type":"SearchAction","target":{"@type":"EntryPoint","urlTemplate":"https:\/\/www.olivierphoto.fr\/fr\/?s={search_term_string}"},"query-input":{"@type":"PropertyValueSpecification","valueRequired":true,"valueName":"search_term_string"}}],"inLanguage":"fr-FR"},{"@type":"Organization","@id":"https:\/\/www.olivierphoto.fr\/fr\/#organization","name":"Olivier Photo","url":"https:\/\/www.olivierphoto.fr\/fr\/","logo":{"@type":"ImageObject","inLanguage":"fr-FR","@id":"https:\/\/www.olivierphoto.fr\/fr\/#\/schema\/logo\/image\/","url":"https:\/\/www.olivierphoto.fr\/wp-content\/uploads\/2021\/02\/cropped-icone.jpg","contentUrl":"https:\/\/www.olivierphoto.fr\/wp-content\/uploads\/2021\/02\/cropped-icone.jpg","width":512,"height":512,"caption":"Olivier Photo"},"image":{"@id":"https:\/\/www.olivierphoto.fr\/fr\/#\/schema\/logo\/image\/"},"sameAs":["https:\/\/www.facebook.com\/olivierphotocourchevel","https:\/\/www.instagram.com\/olivierphotocourchevel\/"]}]}},"_links":{"self":[{"href":"https:\/\/www.olivierphoto.fr\/fr\/wp-json\/wp\/v2\/pages\/4361","targetHints":{"allow":["GET"]}}],"collection":[{"href":"https:\/\/www.olivierphoto.fr\/fr\/wp-json\/wp\/v2\/pages"}],"about":[{"href":"https:\/\/www.olivierphoto.fr\/fr\/wp-json\/wp\/v2\/types\/page"}],"author":[{"embeddable":true,"href":"https:\/\/www.olivierphoto.fr\/fr\/wp-json\/wp\/v2\/users\/2"}],"replies":[{"embeddable":true,"href":"https:\/\/www.olivierphoto.fr\/fr\/wp-json\/wp\/v2\/comments?post=4361"}],"version-history":[{"count":3,"href":"https:\/\/www.olivierphoto.fr\/fr\/wp-json\/wp\/v2\/pages\/4361\/revisions"}],"predecessor-version":[{"id":4820,"href":"https:\/\/www.olivierphoto.fr\/fr\/wp-json\/wp\/v2\/pages\/4361\/revisions\/4820"}],"wp:attachment":[{"href":"https:\/\/www.olivierphoto.fr\/fr\/wp-json\/wp\/v2\/media?parent=4361"}],"curies":[{"name":"wp","href":"https:\/\/api.w.org\/{rel}","templated":true}]}}